{"id":2,"date":"2024-10-03T09:54:07","date_gmt":"2024-10-03T07:54:07","guid":{"rendered":"http:\/\/172.23.1.105:8080\/?page_id=2"},"modified":"2024-12-03T16:26:10","modified_gmt":"2024-12-03T15:26:10","slug":"page-d-exemple","status":"publish","type":"page","link":"https:\/\/atool-dev.fr\/?page_id=2","title":{"rendered":"S\u00e9maphore, voir pour pr\u00e9voir"},"content":{"rendered":"\n<figure class=\"wp-block-image size-large\"><img loading=\"lazy\" decoding=\"async\" width=\"1024\" height=\"576\" src=\"https:\/\/atool-dev.fr\/wp-content\/uploads\/2024\/12\/Sem-1-1024x576.jpg\" alt=\"\" class=\"wp-image-296\" srcset=\"https:\/\/atool-dev.fr\/wp-content\/uploads\/2024\/12\/Sem-1-1024x576.jpg 1024w, https:\/\/atool-dev.fr\/wp-content\/uploads\/2024\/12\/Sem-1-300x169.jpg 300w, https:\/\/atool-dev.fr\/wp-content\/uploads\/2024\/12\/Sem-1-768x432.jpg 768w, https:\/\/atool-dev.fr\/wp-content\/uploads\/2024\/12\/Sem-1.jpg 1280w\" sizes=\"auto, (max-width: 1024px) 100vw, 1024px\" \/><\/figure>\n\n\n\n<figure class=\"wp-block-table is-style-stripes\"><table class=\"has-fixed-layout\"><tbody><tr><td><img loading=\"lazy\" decoding=\"async\" width=\"300\" height=\"94\" class=\"wp-image-260\" style=\"width: 300px;\" src=\"https:\/\/atool-dev.fr\/wp-content\/uploads\/2024\/12\/GMAO-bloc1.png\" alt=\"\" srcset=\"https:\/\/atool-dev.fr\/wp-content\/uploads\/2024\/12\/GMAO-bloc1.png 599w, https:\/\/atool-dev.fr\/wp-content\/uploads\/2024\/12\/GMAO-bloc1-300x94.png 300w\" sizes=\"auto, (max-width: 300px) 100vw, 300px\" \/><\/td><td><img loading=\"lazy\" decoding=\"async\" width=\"300\" height=\"93\" class=\"wp-image-261\" style=\"width: 300px;\" src=\"https:\/\/atool-dev.fr\/wp-content\/uploads\/2024\/12\/ISM-Bloc1.png\" alt=\"\" srcset=\"https:\/\/atool-dev.fr\/wp-content\/uploads\/2024\/12\/ISM-Bloc1.png 599w, https:\/\/atool-dev.fr\/wp-content\/uploads\/2024\/12\/ISM-Bloc1-300x93.png 300w\" sizes=\"auto, (max-width: 300px) 100vw, 300px\" \/><\/td><\/tr><\/tbody><\/table><\/figure>\n\n\n\n<p>\u00ab&nbsp;S\u00e9maphore, voir pour pr\u00e9voir&nbsp;\u00bb est un logiciel de gestion technique et documentaire-r\u00e9glementaire&nbsp;qui combine les fonctionnalit\u00e9s de GMAO et GED. Il r\u00e9pond particuli\u00e8rement aux besoins des activit\u00e9s soumises \u00e0 de fortes exigences r\u00e9glementaires&nbsp;de qualit\u00e9 et de s\u00e9curit\u00e9.<\/p>\n\n\n\n<p class=\"has-small-font-size\">\u00ab&nbsp;S\u00e9maphore, voir pour pr\u00e9voir&nbsp;\u00bb est utilisable depuis n\u2019importe quels navigateurs (Google Chrome, Mozilla Firefox, \u2026), sur tablette ou depuis un ordinateur traditionnel.<\/p>\n\n\n\n<p>Affranchissez vous de vos contraintes mat\u00e9rielles.<\/p>\n\n\n\n<p><strong>D\u00e9finissez pr\u00e9cis\u00e9ment les \u00e9quipements \u00e0 suivre<\/strong><\/p>\n\n\n\n<figure class=\"wp-block-image size-full\"><img loading=\"lazy\" decoding=\"async\" width=\"1280\" height=\"720\" src=\"https:\/\/atool-dev.fr\/wp-content\/uploads\/2024\/12\/Image-1.jpg\" alt=\"\" class=\"wp-image-265\" srcset=\"https:\/\/atool-dev.fr\/wp-content\/uploads\/2024\/12\/Image-1.jpg 1280w, https:\/\/atool-dev.fr\/wp-content\/uploads\/2024\/12\/Image-1-300x169.jpg 300w, https:\/\/atool-dev.fr\/wp-content\/uploads\/2024\/12\/Image-1-1024x576.jpg 1024w, https:\/\/atool-dev.fr\/wp-content\/uploads\/2024\/12\/Image-1-768x432.jpg 768w\" sizes=\"auto, (max-width: 1280px) 100vw, 1280px\" \/><\/figure>\n\n\n\n<p><strong>Int\u00e9grez les plans de maintenances sur vos \u00e9quipements<\/strong><\/p>\n\n\n\n<figure class=\"wp-block-image size-large\"><img loading=\"lazy\" decoding=\"async\" width=\"1024\" height=\"576\" src=\"https:\/\/atool-dev.fr\/wp-content\/uploads\/2024\/12\/Image-2-1024x576.jpg\" alt=\"\" class=\"wp-image-266\" srcset=\"https:\/\/atool-dev.fr\/wp-content\/uploads\/2024\/12\/Image-2-1024x576.jpg 1024w, https:\/\/atool-dev.fr\/wp-content\/uploads\/2024\/12\/Image-2-300x169.jpg 300w, https:\/\/atool-dev.fr\/wp-content\/uploads\/2024\/12\/Image-2-768x432.jpg 768w, https:\/\/atool-dev.fr\/wp-content\/uploads\/2024\/12\/Image-2.jpg 1280w\" sizes=\"auto, (max-width: 1024px) 100vw, 1024px\" \/><\/figure>\n\n\n\n<p><strong>Les fonctionnalit\u00e9s<\/strong><\/p>\n\n\n\n<ul class=\"wp-block-list\">\n<li>Module de fonctionnement en mode d\u00e9connect\u00e9 (Synchronisation de bases de donn\u00e9es)<\/li>\n<\/ul>\n\n\n\n<div class=\"wp-block-group has-global-padding is-layout-constrained wp-block-group-is-layout-constrained\">\n<div class=\"wp-block-group has-global-padding is-layout-constrained wp-block-group-is-layout-constrained\">\n<div class=\"wp-block-group has-global-padding is-layout-constrained wp-block-group-is-layout-constrained\">\n<div class=\"wp-block-group has-global-padding is-layout-constrained wp-block-group-is-layout-constrained\">\n<ul class=\"wp-block-list\">\n<li>Gestion des \u00e9quipements sous forme d\u2019arborescence<\/li>\n<\/ul>\n\n\n\n<ul class=\"wp-block-list\">\n<li>Maintenance pr\u00e9ventive<\/li>\n<\/ul>\n\n\n\n<ul class=\"wp-block-list\">\n<li>Maintenance curative<\/li>\n<\/ul>\n\n\n\n<ul class=\"wp-block-list\">\n<li>Gestion documentaire et suivi de la r\u00e8glementation<\/li>\n<\/ul>\n\n\n\n<ul class=\"wp-block-list\">\n<li>Int\u00e9gration des plans qualit\u00e9 et suivi de ceux-ci (Normes ISM, ISPS, ISO&#8230;)<\/li>\n<\/ul>\n\n\n\n<ul class=\"wp-block-list\">\n<li>Interventions<\/li>\n<\/ul>\n\n\n\n<ul class=\"wp-block-list\">\n<li>Gestion des achats<\/li>\n<\/ul>\n\n\n\n<ul class=\"wp-block-list\">\n<li>Captation de compteurs (modbus TCP\/IP)<\/li>\n<\/ul>\n\n\n\n<ul class=\"wp-block-list\">\n<li>Gestion des stocks<\/li>\n<\/ul>\n\n\n\n<ul class=\"wp-block-list\">\n<li>Gestion de formulaires (cr\u00e9ez, alimentez et restituez vos donn\u00e9es)<\/li>\n<\/ul>\n\n\n\n<ul class=\"wp-block-list\">\n<li>G\u00e9n\u00e9rateur d\u2019\u00e9tats int\u00e9gr\u00e9 (Modifiez les \u00e9tats standards ou cr\u00e9ez vos propres \u00e9tats)<\/li>\n<\/ul>\n<\/div>\n<\/div>\n<\/div>\n<\/div>\n\n\n\n<ul class=\"wp-block-list\">\n<li>Analyses sur les \u00e9v\u00e9nements, retour d&rsquo;exp\u00e9rience<\/li>\n<\/ul>\n\n\n\n<p>Et bien d\u2019autres \u00e0 d\u00e9couvrir\u2026<\/p>\n\n\n\n<p><\/p>\n","protected":false},"excerpt":{"rendered":"<p>\u00ab&nbsp;S\u00e9maphore, voir pour pr\u00e9voir&nbsp;\u00bb est un logiciel de gestion technique et documentaire-r\u00e9glementaire&nbsp;qui combine les fonctionnalit\u00e9s de GMAO et GED. Il r\u00e9pond particuli\u00e8rement aux besoins des activit\u00e9s soumises \u00e0 de fortes exigences r\u00e9glementaires&nbsp;de qualit\u00e9 et de s\u00e9curit\u00e9. \u00ab&nbsp;S\u00e9maphore, voir pour pr\u00e9voir&nbsp;\u00bb est utilisable depuis n\u2019importe quels navigateurs (Google Chrome, Mozilla Firefox, \u2026), sur tablette ou depuis [&hellip;]<\/p>\n","protected":false},"author":1,"featured_media":0,"parent":0,"menu_order":0,"comment_status":"closed","ping_status":"open","template":"","meta":{"footnotes":""},"class_list":["post-2","page","type-page","status-publish","hentry"],"_links":{"self":[{"href":"https:\/\/atool-dev.fr\/index.php?rest_route=\/wp\/v2\/pages\/2","targetHints":{"allow":["GET"]}}],"collection":[{"href":"https:\/\/atool-dev.fr\/index.php?rest_route=\/wp\/v2\/pages"}],"about":[{"href":"https:\/\/atool-dev.fr\/index.php?rest_route=\/wp\/v2\/types\/page"}],"author":[{"embeddable":true,"href":"https:\/\/atool-dev.fr\/index.php?rest_route=\/wp\/v2\/users\/1"}],"replies":[{"embeddable":true,"href":"https:\/\/atool-dev.fr\/index.php?rest_route=%2Fwp%2Fv2%2Fcomments&post=2"}],"version-history":[{"count":17,"href":"https:\/\/atool-dev.fr\/index.php?rest_route=\/wp\/v2\/pages\/2\/revisions"}],"predecessor-version":[{"id":300,"href":"https:\/\/atool-dev.fr\/index.php?rest_route=\/wp\/v2\/pages\/2\/revisions\/300"}],"wp:attachment":[{"href":"https:\/\/atool-dev.fr\/index.php?rest_route=%2Fwp%2Fv2%2Fmedia&parent=2"}],"curies":[{"name":"wp","href":"https:\/\/api.w.org\/{rel}","templated":true}]}}