{"id":204,"date":"2024-10-07T16:37:48","date_gmt":"2024-10-07T14:37:48","guid":{"rendered":"https:\/\/atool-dev.fr\/?page_id=204"},"modified":"2024-10-24T15:45:02","modified_gmt":"2024-10-24T13:45:02","slug":"qui-sommes-nous","status":"publish","type":"page","link":"https:\/\/atool-dev.fr\/?page_id=204","title":{"rendered":"Qui sommes nous ?"},"content":{"rendered":"\n<figure class=\"wp-block-image size-full is-resized\"><img loading=\"lazy\" decoding=\"async\" width=\"521\" height=\"521\" src=\"https:\/\/atool-dev.fr\/wp-content\/uploads\/2024\/10\/Atool-Dev-Logo-520-x-520.jpg\" alt=\"Atool D\u00e9veloppement\" class=\"wp-image-58\" style=\"width:396px;height:auto\" srcset=\"https:\/\/atool-dev.fr\/wp-content\/uploads\/2024\/10\/Atool-Dev-Logo-520-x-520.jpg 521w, https:\/\/atool-dev.fr\/wp-content\/uploads\/2024\/10\/Atool-Dev-Logo-520-x-520-300x300.jpg 300w, https:\/\/atool-dev.fr\/wp-content\/uploads\/2024\/10\/Atool-Dev-Logo-520-x-520-150x150.jpg 150w\" sizes=\"auto, (max-width: 521px) 100vw, 521px\" \/><figcaption class=\"wp-element-caption\">Atool d\u00e9veloppement<\/figcaption><\/figure>\n\n\n\n<p><strong>Atool D\u00e9veloppement<\/strong>&nbsp;est une soci\u00e9t\u00e9 sp\u00e9cialis\u00e9e dans l\u2019<strong>\u00e9dition de logiciels et dans les services associ\u00e9s&nbsp;<\/strong>. Nos clients sont historiquement des entreprises du secteur maritime et portuaire. Notre activit\u00e9 se concentre essentiellement sur de d\u00e9veloppement et la commercialisation de notre logiciel<strong>&nbsp;\u00ab&nbsp;S\u00e9maphore \u2013 voir pour pr\u00e9voir&nbsp;\u2026\u00bb&nbsp;<\/strong>qui existe depuis 2004.<\/p>\n\n\n\n<p>Nous d\u00e9veloppons \u00e9galement des solutions m\u00e9tiers sur mesure. Nous \u00e9tablissons les analyses fonctionnelles et techniques, les d\u00e9veloppements, la mise en production ainsi que la maintenance de ces applicatifs.<\/p>\n\n\n\n<figure class=\"wp-block-image size-full\"><img loading=\"lazy\" decoding=\"async\" width=\"1000\" height=\"753\" src=\"https:\/\/atool-dev.fr\/wp-content\/uploads\/2024\/10\/Locaux_Chemin-Rouge3.jpg\" alt=\"Locaux  du Chemin Rouge\" class=\"wp-image-216\" srcset=\"https:\/\/atool-dev.fr\/wp-content\/uploads\/2024\/10\/Locaux_Chemin-Rouge3.jpg 1000w, https:\/\/atool-dev.fr\/wp-content\/uploads\/2024\/10\/Locaux_Chemin-Rouge3-300x226.jpg 300w, https:\/\/atool-dev.fr\/wp-content\/uploads\/2024\/10\/Locaux_Chemin-Rouge3-768x578.jpg 768w\" sizes=\"auto, (max-width: 1000px) 100vw, 1000px\" \/><figcaption class=\"wp-element-caption\">Locaux  du Chemin Rouge<\/figcaption><\/figure>\n","protected":false},"excerpt":{"rendered":"<p>Atool D\u00e9veloppement&nbsp;est une soci\u00e9t\u00e9 sp\u00e9cialis\u00e9e dans l\u2019\u00e9dition de logiciels et dans les services associ\u00e9s&nbsp;. Nos clients sont historiquement des entreprises du secteur maritime et portuaire. Notre activit\u00e9 se concentre essentiellement sur de d\u00e9veloppement et la commercialisation de notre logiciel&nbsp;\u00ab&nbsp;S\u00e9maphore \u2013 voir pour pr\u00e9voir&nbsp;\u2026\u00bb&nbsp;qui existe depuis 2004. Nous d\u00e9veloppons \u00e9galement des solutions m\u00e9tiers sur mesure. Nous [&hellip;]<\/p>\n","protected":false},"author":1,"featured_media":0,"parent":0,"menu_order":0,"comment_status":"closed","ping_status":"closed","template":"","meta":{"footnotes":""},"class_list":["post-204","page","type-page","status-publish","hentry"],"_links":{"self":[{"href":"https:\/\/atool-dev.fr\/index.php?rest_route=\/wp\/v2\/pages\/204","targetHints":{"allow":["GET"]}}],"collection":[{"href":"https:\/\/atool-dev.fr\/index.php?rest_route=\/wp\/v2\/pages"}],"about":[{"href":"https:\/\/atool-dev.fr\/index.php?rest_route=\/wp\/v2\/types\/page"}],"author":[{"embeddable":true,"href":"https:\/\/atool-dev.fr\/index.php?rest_route=\/wp\/v2\/users\/1"}],"replies":[{"embeddable":true,"href":"https:\/\/atool-dev.fr\/index.php?rest_route=%2Fwp%2Fv2%2Fcomments&post=204"}],"version-history":[{"count":9,"href":"https:\/\/atool-dev.fr\/index.php?rest_route=\/wp\/v2\/pages\/204\/revisions"}],"predecessor-version":[{"id":264,"href":"https:\/\/atool-dev.fr\/index.php?rest_route=\/wp\/v2\/pages\/204\/revisions\/264"}],"wp:attachment":[{"href":"https:\/\/atool-dev.fr\/index.php?rest_route=%2Fwp%2Fv2%2Fmedia&parent=204"}],"curies":[{"name":"wp","href":"https:\/\/api.w.org\/{rel}","templated":true}]}}