{"id":24,"date":"2024-10-03T14:16:29","date_gmt":"2024-10-03T12:16:29","guid":{"rendered":"http:\/\/172.23.1.105:8080\/?page_id=24"},"modified":"2024-10-03T14:19:38","modified_gmt":"2024-10-03T12:19:38","slug":"contacts","status":"publish","type":"page","link":"https:\/\/atool-dev.fr\/?page_id=24","title":{"rendered":"Contacts"},"content":{"rendered":"\n<hr class=\"wp-block-separator has-alpha-channel-opacity\"\/>\n\n\n\n<p><strong>Atool D\u00e9veloppement<\/strong><\/p>\n\n\n\n<p><br>11 Rue du chemin rouge \u2013 B\u00e2timent A<br>44300 NANTES<br>FRANCE<\/p>\n\n\n\n<p><strong>Administratif &amp; commercial<\/strong><br>T\u00e9l\u00e9phone : (+33) 2 85 52 67 01<\/p>\n\n\n\n<p>Mail: info@atool-dev.fr<\/p>\n\n\n\n<p><strong>Support technique<\/strong><br>T\u00e9l\u00e9phone : (+33) 2 85 52 67 03<\/p>\n\n\n\n<p>Mail: support.semaphore@atool-dev.fr<\/p>\n\n\n\n<p><strong>Technique<\/strong><br>T\u00e9l\u00e9phone : (+33) 2 85 52 67 02<\/p>\n\n\n\n<p>Mail: support.semaphore@atool-dev.fr<\/p>\n\n\n\n<p><\/p>\n","protected":false},"excerpt":{"rendered":"<p>Atool D\u00e9veloppement 11 Rue du chemin rouge \u2013 B\u00e2timent A44300 NANTESFRANCE Administratif &amp; commercialT\u00e9l\u00e9phone : (+33) 2 85 52 67 01 Mail: info@atool-dev.fr Support techniqueT\u00e9l\u00e9phone : (+33) 2 85 52 67 03 Mail: support.semaphore@atool-dev.fr TechniqueT\u00e9l\u00e9phone : (+33) 2 85 52 67 02 Mail: support.semaphore@atool-dev.fr<\/p>\n","protected":false},"author":1,"featured_media":0,"parent":0,"menu_order":0,"comment_status":"closed","ping_status":"closed","template":"","meta":{"footnotes":""},"class_list":["post-24","page","type-page","status-publish","hentry"],"_links":{"self":[{"href":"https:\/\/atool-dev.fr\/index.php?rest_route=\/wp\/v2\/pages\/24","targetHints":{"allow":["GET"]}}],"collection":[{"href":"https:\/\/atool-dev.fr\/index.php?rest_route=\/wp\/v2\/pages"}],"about":[{"href":"https:\/\/atool-dev.fr\/index.php?rest_route=\/wp\/v2\/types\/page"}],"author":[{"embeddable":true,"href":"https:\/\/atool-dev.fr\/index.php?rest_route=\/wp\/v2\/users\/1"}],"replies":[{"embeddable":true,"href":"https:\/\/atool-dev.fr\/index.php?rest_route=%2Fwp%2Fv2%2Fcomments&post=24"}],"version-history":[{"count":2,"href":"https:\/\/atool-dev.fr\/index.php?rest_route=\/wp\/v2\/pages\/24\/revisions"}],"predecessor-version":[{"id":28,"href":"https:\/\/atool-dev.fr\/index.php?rest_route=\/wp\/v2\/pages\/24\/revisions\/28"}],"wp:attachment":[{"href":"https:\/\/atool-dev.fr\/index.php?rest_route=%2Fwp%2Fv2%2Fmedia&parent=24"}],"curies":[{"name":"wp","href":"https:\/\/api.w.org\/{rel}","templated":true}]}}