{"id":26,"date":"2024-10-03T14:19:13","date_gmt":"2024-10-03T12:19:13","guid":{"rendered":"http:\/\/172.23.1.105:8080\/?page_id=26"},"modified":"2024-12-04T16:28:07","modified_gmt":"2024-12-04T15:28:07","slug":"services","status":"publish","type":"page","link":"https:\/\/atool-dev.fr\/?page_id=26","title":{"rendered":"Services et plus&#8230;"},"content":{"rendered":"\n<h2 class=\"wp-block-heading\">Nos services :<\/h2>\n\n\n\n<p>\u2013 <strong>Editeur et revendeur exclusif de la solution de GMAO et de suivi r\u00e8glementaire S\u00e9maphore \u00ab\u00a0voir pour pr\u00e9voir\u00a0\u00bb<\/strong><\/p>\n\n\n\n<p>\u2013 Audit et conseil<br>\u2013 Analyse des besoins, r\u00e9daction de cahiers des charges, d\u00e9veloppement<br>\u2013 Tierce maintenance applicative sur AS400<br>\u2013 Assistance et helpdesk<\/p>\n\n\n\n<hr class=\"wp-block-separator has-alpha-channel-opacity\"\/>\n\n\n\n<h2 class=\"wp-block-heading\">D\u00e9veloppement de logiciels sur mesure<\/h2>\n\n\n\n<hr class=\"wp-block-separator has-alpha-channel-opacity\"\/>\n\n\n\n<h2 class=\"wp-block-heading\">Nos plus<\/h2>\n\n\n\n<p>\u2013 Une \u00e9quipe compos\u00e9e de sp\u00e9cialistes de la conduite de projet<br>\u2013 Disponibilit\u00e9, r\u00e9activit\u00e9, simplicit\u00e9<br>\u2013 Ecoute et adaptation au \u00ab\u00a0contexte client\u00a0\u00bb<br>\u2013 Respect des d\u00e9lais et des co\u00fbts<\/p>\n\n\n\n<p><strong>Afin de r\u00e9pondre au mieux \u00e0 vos besoins, nous proposons \u00e9galement des solutions de  :<\/strong><\/p>\n\n\n\n<p>\u2013 D\u00e9l\u00e9gation de personnel (r\u00e9gie)<br>\u2013 Travail sur mesure (forfait)<\/p>\n\n\n\n<hr class=\"wp-block-separator has-alpha-channel-opacity\"\/>\n\n\n\n<h2 class=\"wp-block-heading\"><\/h2>\n\n\n\n<p><\/p>\n\n\n\n<p><\/p>\n","protected":false},"excerpt":{"rendered":"<p>Nos services : \u2013 Editeur et revendeur exclusif de la solution de GMAO et de suivi r\u00e8glementaire S\u00e9maphore \u00ab\u00a0voir pour pr\u00e9voir\u00a0\u00bb \u2013 Audit et conseil\u2013 Analyse des besoins, r\u00e9daction de cahiers des charges, d\u00e9veloppement\u2013 Tierce maintenance applicative sur AS400\u2013 Assistance et helpdesk D\u00e9veloppement de logiciels sur mesure Nos plus \u2013 Une \u00e9quipe compos\u00e9e de sp\u00e9cialistes [&hellip;]<\/p>\n","protected":false},"author":1,"featured_media":0,"parent":0,"menu_order":0,"comment_status":"closed","ping_status":"closed","template":"","meta":{"footnotes":""},"class_list":["post-26","page","type-page","status-publish","hentry"],"_links":{"self":[{"href":"https:\/\/atool-dev.fr\/index.php?rest_route=\/wp\/v2\/pages\/26","targetHints":{"allow":["GET"]}}],"collection":[{"href":"https:\/\/atool-dev.fr\/index.php?rest_route=\/wp\/v2\/pages"}],"about":[{"href":"https:\/\/atool-dev.fr\/index.php?rest_route=\/wp\/v2\/types\/page"}],"author":[{"embeddable":true,"href":"https:\/\/atool-dev.fr\/index.php?rest_route=\/wp\/v2\/users\/1"}],"replies":[{"embeddable":true,"href":"https:\/\/atool-dev.fr\/index.php?rest_route=%2Fwp%2Fv2%2Fcomments&post=26"}],"version-history":[{"count":9,"href":"https:\/\/atool-dev.fr\/index.php?rest_route=\/wp\/v2\/pages\/26\/revisions"}],"predecessor-version":[{"id":301,"href":"https:\/\/atool-dev.fr\/index.php?rest_route=\/wp\/v2\/pages\/26\/revisions\/301"}],"wp:attachment":[{"href":"https:\/\/atool-dev.fr\/index.php?rest_route=%2Fwp%2Fv2%2Fmedia&parent=26"}],"curies":[{"name":"wp","href":"https:\/\/api.w.org\/{rel}","templated":true}]}}