{"id":72,"date":"2024-10-04T14:22:55","date_gmt":"2024-10-04T12:22:55","guid":{"rendered":"https:\/\/atool-dev.fr\/?page_id=72"},"modified":"2024-12-03T16:45:46","modified_gmt":"2024-12-03T15:45:46","slug":"pourquoi","status":"publish","type":"page","link":"https:\/\/atool-dev.fr\/?page_id=72","title":{"rendered":"GMAO"},"content":{"rendered":"\n<h2 class=\"wp-block-heading alignfull has-text-align-center\">Qu&rsquo;est ce qu&rsquo;une GMAO ?<\/h2>\n\n\n\n<p>La&nbsp;GMAO,&nbsp;pour Gestion de Maintenance Assist\u00e9e par Ordinateur repr\u00e9sente l&rsquo;ensemble des outils informatiques permettant \u00e0 une entreprise d\u2019assurer le suivi des op\u00e9rations li\u00e9es \u00e0 la maintenance de ses \u00e9quipements.<\/p>\n\n\n\n<h2 class=\"wp-block-heading alignfull has-text-align-center\">Pourquoi une GMAO ?<\/h2>\n\n\n\n<p>Un logiciel de GMAO est l\u2019outil incontournable du responsable de la maintenance. Il lui permettra de piloter toutes les actions li\u00e9es \u00e0 au bon fonctionnement des \u00e9quipements dont il a la charge et ainsi de maintenir une qualit\u00e9 de service optimale.<\/p>\n\n\n\n<p>Il l\u2019assistera dans la prise en charge des demandes d\u2019intervention, lui permettra de planifier les contr\u00f4les et actions pr\u00e9ventives, de connaitre ert g\u00e9rer ses stocks de pi\u00e8ces d\u00e9tach\u00e9es via un cha\u00eene d&rsquo;approvisionnement efficace et de cr\u00e9er ses propres indicateurs temps r\u00e9el sur les aspects techniques ainsi que financiers.<\/p>\n\n\n\n<figure class=\"wp-block-image aligncenter size-large\"><img loading=\"lazy\" decoding=\"async\" width=\"1024\" height=\"576\" src=\"https:\/\/atool-dev.fr\/wp-content\/uploads\/2024\/12\/CMAO-1-1024x576.jpg\" alt=\"\" class=\"wp-image-291\" srcset=\"https:\/\/atool-dev.fr\/wp-content\/uploads\/2024\/12\/CMAO-1-1024x576.jpg 1024w, https:\/\/atool-dev.fr\/wp-content\/uploads\/2024\/12\/CMAO-1-300x169.jpg 300w, https:\/\/atool-dev.fr\/wp-content\/uploads\/2024\/12\/CMAO-1-768x432.jpg 768w, https:\/\/atool-dev.fr\/wp-content\/uploads\/2024\/12\/CMAO-1.jpg 1280w\" sizes=\"auto, (max-width: 1024px) 100vw, 1024px\" \/><\/figure>\n\n\n\n<figure class=\"wp-block-image aligncenter size-large is-resized\"><img loading=\"lazy\" decoding=\"async\" width=\"1024\" height=\"576\" src=\"https:\/\/atool-dev.fr\/wp-content\/uploads\/2024\/12\/GMAO-2-1024x576.jpg\" alt=\"\" class=\"wp-image-292\" style=\"width:1004px;height:auto\" srcset=\"https:\/\/atool-dev.fr\/wp-content\/uploads\/2024\/12\/GMAO-2-1024x576.jpg 1024w, https:\/\/atool-dev.fr\/wp-content\/uploads\/2024\/12\/GMAO-2-300x169.jpg 300w, https:\/\/atool-dev.fr\/wp-content\/uploads\/2024\/12\/GMAO-2-768x432.jpg 768w, https:\/\/atool-dev.fr\/wp-content\/uploads\/2024\/12\/GMAO-2.jpg 1280w\" sizes=\"auto, (max-width: 1024px) 100vw, 1024px\" \/><\/figure>\n\n\n\n<h2 class=\"wp-block-heading alignfull has-text-align-center\">Pourquoi choisir S\u00e9maphore \u00ab\u00a0voir pour pr\u00e9voir\u00a0\u00bb ?<\/h2>\n\n\n\n<figure class=\"wp-block-image aligncenter size-large is-resized\"><img loading=\"lazy\" decoding=\"async\" width=\"1024\" height=\"576\" src=\"https:\/\/atool-dev.fr\/wp-content\/uploads\/2024\/12\/GMAO-3-1024x576.jpg\" alt=\"\" class=\"wp-image-294\" style=\"width:1001px;height:auto\" srcset=\"https:\/\/atool-dev.fr\/wp-content\/uploads\/2024\/12\/GMAO-3-1024x576.jpg 1024w, https:\/\/atool-dev.fr\/wp-content\/uploads\/2024\/12\/GMAO-3-300x169.jpg 300w, https:\/\/atool-dev.fr\/wp-content\/uploads\/2024\/12\/GMAO-3-768x432.jpg 768w, https:\/\/atool-dev.fr\/wp-content\/uploads\/2024\/12\/GMAO-3.jpg 1280w\" sizes=\"auto, (max-width: 1024px) 100vw, 1024px\" \/><\/figure>\n\n\n\n<ul class=\"wp-block-list\">\n<li>Simplicit\u00e9 de mise en oeuvre<\/li>\n<\/ul>\n\n\n\n<ul class=\"wp-block-list\">\n<li>Simplicit\u00e9 d&rsquo;utilisation<\/li>\n<\/ul>\n\n\n\n<ul class=\"wp-block-list\">\n<li>Un outil complet alliant GMAO et GED s&rsquo;adaptant \u00e0 vos usages et contraintes<\/li>\n<\/ul>\n\n\n\n<p><\/p>\n","protected":false},"excerpt":{"rendered":"<p>Qu&rsquo;est ce qu&rsquo;une GMAO ? La&nbsp;GMAO,&nbsp;pour Gestion de Maintenance Assist\u00e9e par Ordinateur repr\u00e9sente l&rsquo;ensemble des outils informatiques permettant \u00e0 une entreprise d\u2019assurer le suivi des op\u00e9rations li\u00e9es \u00e0 la maintenance de ses \u00e9quipements. Pourquoi une GMAO ? Un logiciel de GMAO est l\u2019outil incontournable du responsable de la maintenance. Il lui permettra de piloter toutes [&hellip;]<\/p>\n","protected":false},"author":1,"featured_media":0,"parent":0,"menu_order":0,"comment_status":"closed","ping_status":"closed","template":"","meta":{"footnotes":""},"class_list":["post-72","page","type-page","status-publish","hentry"],"_links":{"self":[{"href":"https:\/\/atool-dev.fr\/index.php?rest_route=\/wp\/v2\/pages\/72","targetHints":{"allow":["GET"]}}],"collection":[{"href":"https:\/\/atool-dev.fr\/index.php?rest_route=\/wp\/v2\/pages"}],"about":[{"href":"https:\/\/atool-dev.fr\/index.php?rest_route=\/wp\/v2\/types\/page"}],"author":[{"embeddable":true,"href":"https:\/\/atool-dev.fr\/index.php?rest_route=\/wp\/v2\/users\/1"}],"replies":[{"embeddable":true,"href":"https:\/\/atool-dev.fr\/index.php?rest_route=%2Fwp%2Fv2%2Fcomments&post=72"}],"version-history":[{"count":28,"href":"https:\/\/atool-dev.fr\/index.php?rest_route=\/wp\/v2\/pages\/72\/revisions"}],"predecessor-version":[{"id":295,"href":"https:\/\/atool-dev.fr\/index.php?rest_route=\/wp\/v2\/pages\/72\/revisions\/295"}],"wp:attachment":[{"href":"https:\/\/atool-dev.fr\/index.php?rest_route=%2Fwp%2Fv2%2Fmedia&parent=72"}],"curies":[{"name":"wp","href":"https:\/\/api.w.org\/{rel}","templated":true}]}}